{"id":172,"date":"2022-05-18T15:44:51","date_gmt":"2022-05-18T15:44:51","guid":{"rendered":"https:\/\/reint.be\/?page_id=172"},"modified":"2023-03-26T10:51:19","modified_gmt":"2023-03-26T10:51:19","slug":"la-societe","status":"publish","type":"page","link":"https:\/\/reint.be\/fr\/","title":{"rendered":"La soci\u00e9t\u00e9"},"content":{"rendered":"<h2><strong>Polyvalence: business et exp\u00e9riences de vie<\/strong><\/h2>\n<h3><strong><u>Une entreprise cr\u00e9\u00e9e pour \u00eatre polyvalente et g\u00e9r\u00e9e avec passion et talent<\/u><\/strong><\/h3>\n<p>L\u2019entreprise Reint a \u00e9t\u00e9 cr\u00e9\u00e9e en 2021.<\/p>\n<p>Notre but principal est d\u2019aider les clients industriels \u00e0 atteindre leurs objectifs professionnels, en les offrant du support et des conseils afin d\u2019obtenir les meilleurs r\u00e9sultats op\u00e9rationnels et organisationnels.<\/p>\n<p>Reint est sp\u00e9cialis\u00e9e dans les soci\u00e9t\u00e9s de production (discrete manufacturing), orient\u00e9es vers les projets, op\u00e9rant dans un contexte international.<\/p>\n<p>Reint organise \u00e9galement des activit\u00e9s qui garantissent une exp\u00e9rience de vie.<\/p>\n<p>Reint fait tout avec passion et talent.<\/p>\n<h3><strong><u>Offre commerciale<\/u><\/strong><\/h3>\n<p>Gr\u00e2ce \u00e0 sa vision d\u2019ensemble et sa compr\u00e9hension strat\u00e9gique, la soci\u00e9t\u00e9 Reint obtient des r\u00e9sultats concrets avec les \u00e9quipes qu\u2019elle conseille ou dirige.<\/p>\n<p>Reint poss\u00e8de une exp\u00e9rience manag\u00e9riale substantielle, bas\u00e9e sur des connaissances manag\u00e9riales acad\u00e9miques approfondies, des savoirs-faires techniques et int\u00e9r\u00eats \u00e9tendus, utilis\u00e9s activement dans l\u2019int\u00e9r\u00eat des clients.<\/p>\n<p><strong>Domaines de sp\u00e9cialisation:<\/strong><\/p>\n<ul>\n<li>D\u00e9veloppement des affaires<\/li>\n<li>Gestion des achats et des cat\u00e9gories<\/li>\n<li>Gestion de la cha\u00eene d\u2019approvisionnement, y compris la mise en \u0153uvre d\u2019ERP et des syst\u00e8mes de surveillance de la ligne de production<\/li>\n<li>Gestion des op\u00e9rations (internationales), y compris la sous-traitance<\/li>\n<li>Gestion de la technologie et de la conception, y compris PDM et liens vers d\u2019autres syst\u00e8mes (par exemple BIM360)<\/li>\n<\/ul>\n<p><strong>Industries:<\/strong><\/p>\n<ul>\n<li>Syst\u00e8mes de conception, visualisation et contr\u00f4le des machines<\/li>\n<li>Centre de donn\u00e9es: refroidissement de la salle des serveurs \u2013 unit\u00e9s modulaires<\/li>\n<li>Verre: verre flott\u00e9, verre creux, r\u00e9cup\u00e9ration d\u2019\u00e9nergie<\/li>\n<li>A\u00e9ronautique: trains d\u2019atterrissage, structures de levage \u00e9lev\u00e9es<\/li>\n<li>A\u00e9roport: GSE et installations de manipulation du cargo<\/li>\n<li>Chimie: terminal de stockage, impression graphique, gaz industriels<\/li>\n<li>Alimentaire, pharmacie, ch\u00e9mie\u00a0:\u00a0 \u00e9quipements de manipulation de la mati\u00e8re s\u00e8che \/ solids, (traitement) thermique<\/li>\n<\/ul>\n<p><strong>Technologie\u00a0:<\/strong><\/p>\n<ul>\n<li>Op\u00e9rations d\u2019usinage et soudage<\/li>\n<li>Construction et conception des machines, HVAC<\/li>\n<li>Automatisation, commandes &amp; syst\u00e8mes SCADA<\/li>\n<\/ul>\n<div id=\"wpcpro-wrapper-39\" class=\"wpcp-carousel-wrapper wpcpro-wrapper wpcp-wrapper-39\">\n<div id=\"wpcp-preloader-39\"  class=\"wpcp-carousel-preloader\">\n\n\t<img decoding=\"async\" src=\"https:\/\/reint.be\/wp-content\/plugins\/wp-carousel-pro\/public\/css\/spinner.svg\" class=\"skip-lazy\" alt=\"Preloader image\"\/>\n\n<\/div>\n\t<div id=\"sp-wp-carousel-pro-id-39\" class=\"  wpcp-standard wpcp-carousel-section sp-wpcp-39 wpcp-image-carousel wpcp-preloader\" data-slick='{\"vertical\":false, \"accessibility\":true, \"centerMode\":false, \"centerPadding\": \"0px\", \"swipeToSlide\":false, \"adaptiveHeight\":false, \"arrows\":false, \"autoplay\":true, \"autoplaySpeed\":2000, \"dots\":false, \"infinite\":true, \"speed\":600, \"pauseOnHover\":true, \"slidesToScroll\":1, \"slidesToShow\":5, \"responsive\": [{ \"breakpoint\":1200, \"settings\": { \"slidesToShow\":4,\"rows\":1, \"slidesToScroll\":1, \"centerPadding\": \"0px\"} }, { \"breakpoint\":980, \"settings\":{ \"slidesToShow\":3, \"rows\":1, \"slidesToScroll\":1, \"centerPadding\": \"0px\" } }, { \"breakpoint\":736, \"settings\": { \"slidesToShow\":2, \"slidesToScroll\":1,\"rows\":1, \"centerPadding\": \"0px\" } }, {\"breakpoint\":480, \"settings\":{ \"slidesToShow\":1, \"slidesToScroll\":1,\"rows\":1, \"arrows\": false, \"dots\": false, \"centerPadding\": \"0px\" } } ], \"rows\":1,\"rtl\":false, \"variableWidth\":false, \"fade\":false, \"lazyLoad\": \"false\", \"swipe\": true, \"draggable\": true }' data-arrowtype=\"angle\" dir=\"ltr\" dir=\"ltr\" data-carousel_typ=&quot;image-carousel&quot; >\n\t\t<div class=\"\">\n<div class=\"wpcp-single-item\">\n\t\t<div class=\"wpcp-slide-image\">\n\t\t\t<a href=\"https:\/\/www.kuleuven.be\/kuleuven\/\" target=\"_blank\" >\n\t\t\t<img loading=\"lazy\" decoding=\"async\" src=\"https:\/\/reint.be\/wp-content\/uploads\/2022\/05\/kuleuven.jpg\" alt=\"kuleuven\" width=\"176\" height=\"63\" class=\"skip-lazy\">\t\t<\/a>\n\t\t\t<\/div>\n<\/div>\n<\/div>\n<div class=\"\">\n<div class=\"wpcp-single-item\">\n\t\t<div class=\"wpcp-slide-image\">\n\t\t\t<a href=\"https:\/\/www.mba.com\/exams\/gmat\" target=\"_blank\" >\n\t\t\t<img loading=\"lazy\" decoding=\"async\" src=\"https:\/\/reint.be\/wp-content\/uploads\/2022\/05\/mba.jpg\" alt=\"mba\" width=\"176\" height=\"63\" class=\"skip-lazy\">\t\t<\/a>\n\t\t\t<\/div>\n<\/div>\n<\/div>\n<div class=\"\">\n<div class=\"wpcp-single-item\">\n\t\t<div class=\"wpcp-slide-image\">\n\t\t\t<a href=\"https:\/\/www.ascm.org\/learning-development\/certifications-credentials\/\" target=\"_blank\" >\n\t\t\t<img loading=\"lazy\" decoding=\"async\" src=\"https:\/\/reint.be\/wp-content\/uploads\/2022\/05\/apics.jpg\" alt=\"apics\" width=\"176\" height=\"63\" class=\"skip-lazy\">\t\t<\/a>\n\t\t\t<\/div>\n<\/div>\n<\/div>\n<div class=\"\">\n<div class=\"wpcp-single-item\">\n\t\t<div class=\"wpcp-slide-image\">\n\t\t\t<a href=\"https:\/\/www.sirris.be\/nl\/quick-response-manufacturing\" target=\"_blank\" >\n\t\t\t<img loading=\"lazy\" decoding=\"async\" src=\"https:\/\/reint.be\/wp-content\/uploads\/2022\/05\/qrm.jpg\" alt=\"qrm\" width=\"176\" height=\"63\" class=\"skip-lazy\">\t\t<\/a>\n\t\t\t<\/div>\n<\/div>\n<\/div>\n<div class=\"\">\n<div class=\"wpcp-single-item\">\n\t\t<div class=\"wpcp-slide-image\">\n\t\t\t<a href=\"https:\/\/www.prince2.com\/uk\/what-is-prince2\" target=\"_blank\" >\n\t\t\t<img loading=\"lazy\" decoding=\"async\" src=\"https:\/\/reint.be\/wp-content\/uploads\/2022\/05\/prince2.jpg\" alt=\"prince2\" width=\"176\" height=\"63\" class=\"skip-lazy\">\t\t<\/a>\n\t\t\t<\/div>\n<\/div>\n<\/div>\n<div class=\"\">\n<div class=\"wpcp-single-item\">\n\t\t<div class=\"wpcp-slide-image\">\n\t\t\t<a href=\"https:\/\/www.vca.nl\/diplomas-certificaten\/vol-vca\" target=\"_blank\" >\n\t\t\t<img loading=\"lazy\" decoding=\"async\" src=\"https:\/\/reint.be\/wp-content\/uploads\/2022\/05\/vol-vca.jpg\" alt=\"vol vca\" width=\"176\" height=\"63\" class=\"skip-lazy\">\t\t<\/a>\n\t\t\t<\/div>\n<\/div>\n<\/div>\n<div class=\"\">\n<div class=\"wpcp-single-item\">\n\t\t<div class=\"wpcp-slide-image\">\n\t\t\t<a href=\"https:\/\/nl.wikipedia.org\/wiki\/Lean_manufacturing\" target=\"_blank\" >\n\t\t\t<img loading=\"lazy\" decoding=\"async\" src=\"https:\/\/reint.be\/wp-content\/uploads\/2022\/05\/lean.jpg\" alt=\"lean\" width=\"176\" height=\"63\" class=\"skip-lazy\">\t\t<\/a>\n\t\t\t<\/div>\n<\/div>\n<\/div>\n<div class=\"\">\n<div class=\"wpcp-single-item\">\n\t\t<div class=\"wpcp-slide-image\">\n\t\t\t<a href=\"https:\/\/www.vlerick.com\/nl\/opleidingen\/mba-opleidingen\/\" target=\"_blank\" >\n\t\t\t<img loading=\"lazy\" decoding=\"async\" src=\"https:\/\/reint.be\/wp-content\/uploads\/2022\/05\/vlerick.jpg\" alt=\"vlerick\" width=\"176\" height=\"63\" class=\"skip-lazy\">\t\t<\/a>\n\t\t\t<\/div>\n<\/div>\n<\/div>\n<div class=\"\">\n<div class=\"wpcp-single-item\">\n\t\t<div class=\"wpcp-slide-image\">\n\t\t\t<a href=\"https:\/\/www.clt.be\/nl\/\" target=\"_blank\" >\n\t\t\t<img loading=\"lazy\" decoding=\"async\" src=\"https:\/\/reint.be\/wp-content\/uploads\/2022\/05\/language.jpg\" alt=\"language\" width=\"176\" height=\"63\" class=\"skip-lazy\">\t\t<\/a>\n\t\t\t<\/div>\n<\/div>\n<\/div>\n<div class=\"\">\n<div class=\"wpcp-single-item\">\n\t\t<div class=\"wpcp-slide-image\">\n\t\t\t<a href=\"https:\/\/www.sap.com\/belgie\/products\/s4hana-erp.html\" target=\"_blank\" >\n\t\t\t<img loading=\"lazy\" decoding=\"async\" src=\"https:\/\/reint.be\/wp-content\/uploads\/2022\/05\/sap.jpg\" alt=\"sap\" width=\"176\" height=\"63\" class=\"skip-lazy\">\t\t<\/a>\n\t\t\t<\/div>\n<\/div>\n<\/div>\n<div class=\"\">\n<div class=\"wpcp-single-item\">\n\t\t<div class=\"wpcp-slide-image\">\n\t\t\t<a href=\"https:\/\/dynamics.microsoft.com\/nl-be\/finance\/overview\/\" target=\"_blank\" >\n\t\t\t<img loading=\"lazy\" decoding=\"async\" src=\"https:\/\/reint.be\/wp-content\/uploads\/2022\/05\/microsoft.jpg\" alt=\"microsoft\" width=\"176\" height=\"63\" class=\"skip-lazy\">\t\t<\/a>\n\t\t\t<\/div>\n<\/div>\n<\/div>\n\t<\/div>\n<\/div>\n\n","protected":false},"excerpt":{"rendered":"<p>Polyvalence: business et exp\u00e9riences de vie Une entreprise cr\u00e9\u00e9e pour \u00eatre polyvalente et g\u00e9r\u00e9e avec passion et talent L\u2019entreprise Reint a \u00e9t\u00e9 cr\u00e9\u00e9e en 2021. Notre but principal est d\u2019aider les clients industriels \u00e0 atteindre leurs objectifs professionnels, en les offrant du support et des conseils afin d\u2019obtenir les meilleurs r\u00e9sultats op\u00e9rationnels et organisationnels. Reint [&hellip;]<\/p>\n","protected":false},"author":1,"featured_media":0,"parent":0,"menu_order":0,"comment_status":"closed","ping_status":"closed","template":"","meta":{"footnotes":""},"class_list":["post-172","page","type-page","status-publish","hentry"],"_links":{"self":[{"href":"https:\/\/reint.be\/fr\/wp-json\/wp\/v2\/pages\/172","targetHints":{"allow":["GET"]}}],"collection":[{"href":"https:\/\/reint.be\/fr\/wp-json\/wp\/v2\/pages"}],"about":[{"href":"https:\/\/reint.be\/fr\/wp-json\/wp\/v2\/types\/page"}],"author":[{"embeddable":true,"href":"https:\/\/reint.be\/fr\/wp-json\/wp\/v2\/users\/1"}],"replies":[{"embeddable":true,"href":"https:\/\/reint.be\/fr\/wp-json\/wp\/v2\/comments?post=172"}],"version-history":[{"count":4,"href":"https:\/\/reint.be\/fr\/wp-json\/wp\/v2\/pages\/172\/revisions"}],"predecessor-version":[{"id":310,"href":"https:\/\/reint.be\/fr\/wp-json\/wp\/v2\/pages\/172\/revisions\/310"}],"wp:attachment":[{"href":"https:\/\/reint.be\/fr\/wp-json\/wp\/v2\/media?parent=172"}],"curies":[{"name":"wp","href":"https:\/\/api.w.org\/{rel}","templated":true}]}}